{"id":1252,"date":"2016-02-12T08:09:36","date_gmt":"2016-02-12T08:09:36","guid":{"rendered":"http:\/\/demos.famethemes.com\/onepress\/?page_id=17"},"modified":"2018-10-02T21:15:55","modified_gmt":"2018-10-02T21:15:55","slug":"nuestra-historia","status":"publish","type":"page","link":"https:\/\/alubase.de\/es\/our-history\/","title":{"rendered":"Nuestra historia"},"content":{"rendered":"<p>Llevamos 40 a\u00f1os trabajando en el sector. Nuestra experiencia vale su peso en oro. Estaremos encantados de asesorarle gratuitamente para que su proyecto sea un \u00e9xito. Estamos especializados en l\u00e1minas, tiras y planchas de aluminio, as\u00ed como en l\u00e1minas compuestas con pl\u00e1stico, papel u otros metales. Si desea trabajar con estos materiales, ha llegado al lugar adecuado. Denos la oportunidad de ayudarle con nuestros muchos a\u00f1os de experiencia. No se arrepentir\u00e1.<\/p>","protected":false},"excerpt":{"rendered":"<p>Llevamos 40 a\u00f1os trabajando en el sector. Nuestra experiencia vale su peso en oro. Estaremos encantados de asesorarle gratuitamente en sus proyectos para que su proyecto tambi\u00e9n sea un \u00e9xito<\/p>","protected":false},"author":2,"featured_media":1547,"parent":0,"menu_order":0,"comment_status":"closed","ping_status":"closed","template":"","meta":{"footnotes":""},"class_list":["post-1252","page","type-page","status-publish","has-post-thumbnail","hentry"],"yoast_head":"<!-- This site is optimized with the Yoast SEO plugin v27.5 - https:\/\/yoast.com\/product\/yoast-seo-wordpress\/ -->\n<title>Unsere Geschichte - AluBase<\/title>\n<meta name=\"robots\" content=\"index, follow, max-snippet:-1, max-image-preview:large, max-video-preview:-1\" \/>\n<link rel=\"canonical\" href=\"https:\/\/alubase.de\/es\/nuestra-historia\/\" \/>\n<meta property=\"og:locale\" content=\"es_ES\" \/>\n<meta property=\"og:type\" content=\"article\" \/>\n<meta property=\"og:title\" content=\"Unsere Geschichte - AluBase\" \/>\n<meta property=\"og:description\" content=\"Wir arbeiten seit 40 Jahren in der Branche. Unsere Erfahrung ist Gold wert. Wir beraten Sie gerne kostenfrei bei Ihren Projekten, damit auch Ihr Projekt zu einem Erfolg wird\" \/>\n<meta property=\"og:url\" content=\"https:\/\/alubase.de\/es\/nuestra-historia\/\" \/>\n<meta property=\"og:site_name\" content=\"AluBase\" \/>\n<meta property=\"article:modified_time\" content=\"2018-10-02T21:15:55+00:00\" \/>\n<meta property=\"og:image\" content=\"https:\/\/alubase.de\/wp-content\/uploads\/2018\/10\/alufolien.jpg\" \/>\n\t<meta property=\"og:image:width\" content=\"640\" \/>\n\t<meta property=\"og:image:height\" content=\"348\" \/>\n\t<meta property=\"og:image:type\" content=\"image\/jpeg\" \/>\n<meta name=\"twitter:card\" content=\"summary_large_image\" \/>\n<script type=\"application\/ld+json\" class=\"yoast-schema-graph\">{\"@context\":\"https:\\\/\\\/schema.org\",\"@graph\":[{\"@type\":\"WebPage\",\"@id\":\"https:\\\/\\\/alubase.de\\\/our-history\\\/\",\"url\":\"https:\\\/\\\/alubase.de\\\/our-history\\\/\",\"name\":\"Unsere Geschichte - AluBase\",\"isPartOf\":{\"@id\":\"https:\\\/\\\/alubase.de\\\/#website\"},\"primaryImageOfPage\":{\"@id\":\"https:\\\/\\\/alubase.de\\\/our-history\\\/#primaryimage\"},\"image\":{\"@id\":\"https:\\\/\\\/alubase.de\\\/our-history\\\/#primaryimage\"},\"thumbnailUrl\":\"https:\\\/\\\/alubase.de\\\/wp-content\\\/uploads\\\/2018\\\/10\\\/alufolien.jpg\",\"datePublished\":\"2016-02-12T08:09:36+00:00\",\"dateModified\":\"2018-10-02T21:15:55+00:00\",\"breadcrumb\":{\"@id\":\"https:\\\/\\\/alubase.de\\\/our-history\\\/#breadcrumb\"},\"inLanguage\":\"es\",\"potentialAction\":[{\"@type\":\"ReadAction\",\"target\":[\"https:\\\/\\\/alubase.de\\\/our-history\\\/\"]}]},{\"@type\":\"ImageObject\",\"inLanguage\":\"es\",\"@id\":\"https:\\\/\\\/alubase.de\\\/our-history\\\/#primaryimage\",\"url\":\"https:\\\/\\\/alubase.de\\\/wp-content\\\/uploads\\\/2018\\\/10\\\/alufolien.jpg\",\"contentUrl\":\"https:\\\/\\\/alubase.de\\\/wp-content\\\/uploads\\\/2018\\\/10\\\/alufolien.jpg\",\"width\":640,\"height\":348,\"caption\":\"Alufolien\"},{\"@type\":\"BreadcrumbList\",\"@id\":\"https:\\\/\\\/alubase.de\\\/our-history\\\/#breadcrumb\",\"itemListElement\":[{\"@type\":\"ListItem\",\"position\":1,\"name\":\"Startseite\",\"item\":\"https:\\\/\\\/alubase.de\\\/\"},{\"@type\":\"ListItem\",\"position\":2,\"name\":\"Unsere Geschichte\"}]},{\"@type\":\"WebSite\",\"@id\":\"https:\\\/\\\/alubase.de\\\/#website\",\"url\":\"https:\\\/\\\/alubase.de\\\/\",\"name\":\"AluBase\",\"description\":\"Die Aluexperten\",\"publisher\":{\"@id\":\"https:\\\/\\\/alubase.de\\\/#organization\"},\"potentialAction\":[{\"@type\":\"SearchAction\",\"target\":{\"@type\":\"EntryPoint\",\"urlTemplate\":\"https:\\\/\\\/alubase.de\\\/?s={search_term_string}\"},\"query-input\":{\"@type\":\"PropertyValueSpecification\",\"valueRequired\":true,\"valueName\":\"search_term_string\"}}],\"inLanguage\":\"es\"},{\"@type\":\"Organization\",\"@id\":\"https:\\\/\\\/alubase.de\\\/#organization\",\"name\":\"Ablal - Aluminium, Blister, Laminate\",\"url\":\"https:\\\/\\\/alubase.de\\\/\",\"logo\":{\"@type\":\"ImageObject\",\"inLanguage\":\"es\",\"@id\":\"https:\\\/\\\/alubase.de\\\/#\\\/schema\\\/logo\\\/image\\\/\",\"url\":\"https:\\\/\\\/alubase.de\\\/wp-content\\\/uploads\\\/2018\\\/10\\\/alufolien.jpg\",\"contentUrl\":\"https:\\\/\\\/alubase.de\\\/wp-content\\\/uploads\\\/2018\\\/10\\\/alufolien.jpg\",\"width\":640,\"height\":348,\"caption\":\"Ablal - Aluminium, Blister, Laminate\"},\"image\":{\"@id\":\"https:\\\/\\\/alubase.de\\\/#\\\/schema\\\/logo\\\/image\\\/\"}}]}<\/script>\n<!-- \/ Yoast SEO plugin. -->","yoast_head_json":{"title":"Nuestra historia - AluBase","robots":{"index":"index","follow":"follow","max-snippet":"max-snippet:-1","max-image-preview":"max-image-preview:large","max-video-preview":"max-video-preview:-1"},"canonical":"https:\/\/alubase.de\/es\/nuestra-historia\/","og_locale":"es_ES","og_type":"article","og_title":"Unsere Geschichte - AluBase","og_description":"Wir arbeiten seit 40 Jahren in der Branche. Unsere Erfahrung ist Gold wert. Wir beraten Sie gerne kostenfrei bei Ihren Projekten, damit auch Ihr Projekt zu einem Erfolg wird","og_url":"https:\/\/alubase.de\/es\/nuestra-historia\/","og_site_name":"AluBase","article_modified_time":"2018-10-02T21:15:55+00:00","og_image":[{"width":640,"height":348,"url":"https:\/\/alubase.de\/wp-content\/uploads\/2018\/10\/alufolien.jpg","type":"image\/jpeg"}],"twitter_card":"summary_large_image","schema":{"@context":"https:\/\/schema.org","@graph":[{"@type":"WebPage","@id":"https:\/\/alubase.de\/our-history\/","url":"https:\/\/alubase.de\/our-history\/","name":"Nuestra historia - AluBase","isPartOf":{"@id":"https:\/\/alubase.de\/#website"},"primaryImageOfPage":{"@id":"https:\/\/alubase.de\/our-history\/#primaryimage"},"image":{"@id":"https:\/\/alubase.de\/our-history\/#primaryimage"},"thumbnailUrl":"https:\/\/alubase.de\/wp-content\/uploads\/2018\/10\/alufolien.jpg","datePublished":"2016-02-12T08:09:36+00:00","dateModified":"2018-10-02T21:15:55+00:00","breadcrumb":{"@id":"https:\/\/alubase.de\/our-history\/#breadcrumb"},"inLanguage":"es","potentialAction":[{"@type":"ReadAction","target":["https:\/\/alubase.de\/our-history\/"]}]},{"@type":"ImageObject","inLanguage":"es","@id":"https:\/\/alubase.de\/our-history\/#primaryimage","url":"https:\/\/alubase.de\/wp-content\/uploads\/2018\/10\/alufolien.jpg","contentUrl":"https:\/\/alubase.de\/wp-content\/uploads\/2018\/10\/alufolien.jpg","width":640,"height":348,"caption":"Alufolien"},{"@type":"BreadcrumbList","@id":"https:\/\/alubase.de\/our-history\/#breadcrumb","itemListElement":[{"@type":"ListItem","position":1,"name":"Startseite","item":"https:\/\/alubase.de\/"},{"@type":"ListItem","position":2,"name":"Unsere Geschichte"}]},{"@type":"WebSite","@id":"https:\/\/alubase.de\/#website","url":"https:\/\/alubase.de\/","name":"AluBase","description":"Expertos en aluminio","publisher":{"@id":"https:\/\/alubase.de\/#organization"},"potentialAction":[{"@type":"SearchAction","target":{"@type":"EntryPoint","urlTemplate":"https:\/\/alubase.de\/?s={search_term_string}"},"query-input":{"@type":"PropertyValueSpecification","valueRequired":true,"valueName":"search_term_string"}}],"inLanguage":"es"},{"@type":"Organization","@id":"https:\/\/alubase.de\/#organization","name":"Ablal - Aluminio, Blister, Laminados","url":"https:\/\/alubase.de\/","logo":{"@type":"ImageObject","inLanguage":"es","@id":"https:\/\/alubase.de\/#\/schema\/logo\/image\/","url":"https:\/\/alubase.de\/wp-content\/uploads\/2018\/10\/alufolien.jpg","contentUrl":"https:\/\/alubase.de\/wp-content\/uploads\/2018\/10\/alufolien.jpg","width":640,"height":348,"caption":"Ablal - Aluminium, Blister, Laminate"},"image":{"@id":"https:\/\/alubase.de\/#\/schema\/logo\/image\/"}}]}},"_links":{"self":[{"href":"https:\/\/alubase.de\/es\/wp-json\/wp\/v2\/pages\/1252","targetHints":{"allow":["GET"]}}],"collection":[{"href":"https:\/\/alubase.de\/es\/wp-json\/wp\/v2\/pages"}],"about":[{"href":"https:\/\/alubase.de\/es\/wp-json\/wp\/v2\/types\/page"}],"author":[{"embeddable":true,"href":"https:\/\/alubase.de\/es\/wp-json\/wp\/v2\/users\/2"}],"replies":[{"embeddable":true,"href":"https:\/\/alubase.de\/es\/wp-json\/wp\/v2\/comments?post=1252"}],"version-history":[{"count":7,"href":"https:\/\/alubase.de\/es\/wp-json\/wp\/v2\/pages\/1252\/revisions"}],"predecessor-version":[{"id":1486,"href":"https:\/\/alubase.de\/es\/wp-json\/wp\/v2\/pages\/1252\/revisions\/1486"}],"wp:featuredmedia":[{"embeddable":true,"href":"https:\/\/alubase.de\/es\/wp-json\/wp\/v2\/media\/1547"}],"wp:attachment":[{"href":"https:\/\/alubase.de\/es\/wp-json\/wp\/v2\/media?parent=1252"}],"curies":[{"name":"wp","href":"https:\/\/api.w.org\/{rel}","templated":true}]}}