{"id":1511,"date":"2018-09-01T09:15:58","date_gmt":"2018-09-01T09:15:58","guid":{"rendered":"https:\/\/alubase.de\/?page_id=1511"},"modified":"2018-10-19T11:01:25","modified_gmt":"2018-10-19T11:01:25","slug":"hojas-de-aluminio","status":"publish","type":"page","link":"https:\/\/alubase.de\/es\/aluminiumfolien\/","title":{"rendered":"L\u00e1minas de aluminio"},"content":{"rendered":"<h2>L\u00e1minas de aluminio para la industria<\/h2>\n<p>Suministramos al comercio, la industria y la distribuci\u00f3n l\u00e1minas de aluminio altamente funcionales que se perfeccionan en cuanto a funci\u00f3n y aspecto seg\u00fan los deseos del cliente y los requisitos de producci\u00f3n.<\/p>\n<h3>\u00c1mbitos de aplicaci\u00f3n<\/h3>\n<p>Fabricamos papel de aluminio para aplicaciones industriales en la industria de transformaci\u00f3n, pero tambi\u00e9n para cualquier aplicaci\u00f3n t\u00e9cnica. Suministramos tama\u00f1os est\u00e1ndar, pero tambi\u00e9n tama\u00f1os especiales y peque\u00f1as cantidades a petici\u00f3n. Estaremos encantados de proporcionarle muestras.<\/p>\n<div id='gallery-1' class='gallery galleryid-1511 gallery-columns-3 gallery-size-medium'><figure class='gallery-item'>\n\t\t\t<div class='gallery-icon landscape'>\n\t\t\t\t<a href='https:\/\/alubase.de\/wp-content\/uploads\/2018\/10\/aluminiumfolien-rollenware-01.jpg'><img loading=\"lazy\" decoding=\"async\" width=\"300\" height=\"173\" src=\"https:\/\/alubase.de\/wp-content\/uploads\/2018\/10\/aluminiumfolien-rollenware-01-300x173.jpg\" class=\"attachment-medium size-medium\" alt=\"Rollos de papel de aluminio\" aria-describedby=\"gallery-1-1584\" srcset=\"https:\/\/alubase.de\/wp-content\/uploads\/2018\/10\/aluminiumfolien-rollenware-01-300x173.jpg 300w, https:\/\/alubase.de\/wp-content\/uploads\/2018\/10\/aluminiumfolien-rollenware-01-768x444.jpg 768w, https:\/\/alubase.de\/wp-content\/uploads\/2018\/10\/aluminiumfolien-rollenware-01.jpg 830w\" sizes=\"auto, (max-width: 300px) 100vw, 300px\" \/><\/a>\n\t\t\t<\/div>\n\t\t\t\t<figcaption class='wp-caption-text gallery-caption' id='gallery-1-1584'>\n\t\t\t\tRollos de papel de aluminio\n\t\t\t\t<\/figcaption><\/figure><figure class='gallery-item'>\n\t\t\t<div class='gallery-icon landscape'>\n\t\t\t\t<a href='https:\/\/alubase.de\/wp-content\/uploads\/2018\/10\/aluminiumfolien-rollenware-02.jpg'><img loading=\"lazy\" decoding=\"async\" width=\"300\" height=\"173\" src=\"https:\/\/alubase.de\/wp-content\/uploads\/2018\/10\/aluminiumfolien-rollenware-02-300x173.jpg\" class=\"attachment-medium size-medium\" alt=\"Rollos de papel de aluminio\" aria-describedby=\"gallery-1-1585\" srcset=\"https:\/\/alubase.de\/wp-content\/uploads\/2018\/10\/aluminiumfolien-rollenware-02-300x173.jpg 300w, https:\/\/alubase.de\/wp-content\/uploads\/2018\/10\/aluminiumfolien-rollenware-02-768x444.jpg 768w, https:\/\/alubase.de\/wp-content\/uploads\/2018\/10\/aluminiumfolien-rollenware-02.jpg 830w\" sizes=\"auto, (max-width: 300px) 100vw, 300px\" \/><\/a>\n\t\t\t<\/div>\n\t\t\t\t<figcaption class='wp-caption-text gallery-caption' id='gallery-1-1585'>\n\t\t\t\tRollos de papel de aluminio\n\t\t\t\t<\/figcaption><\/figure><figure class='gallery-item'>\n\t\t\t<div class='gallery-icon landscape'>\n\t\t\t\t<a href='https:\/\/alubase.de\/wp-content\/uploads\/2018\/10\/aluminiumfolien-03.jpg'><img loading=\"lazy\" decoding=\"async\" width=\"300\" height=\"173\" src=\"https:\/\/alubase.de\/wp-content\/uploads\/2018\/10\/aluminiumfolien-03-300x173.jpg\" class=\"attachment-medium size-medium\" alt=\"Papel de aluminio\" aria-describedby=\"gallery-1-1586\" srcset=\"https:\/\/alubase.de\/wp-content\/uploads\/2018\/10\/aluminiumfolien-03-300x173.jpg 300w, https:\/\/alubase.de\/wp-content\/uploads\/2018\/10\/aluminiumfolien-03-768x444.jpg 768w, https:\/\/alubase.de\/wp-content\/uploads\/2018\/10\/aluminiumfolien-03.jpg 830w\" sizes=\"auto, (max-width: 300px) 100vw, 300px\" \/><\/a>\n\t\t\t<\/div>\n\t\t\t\t<figcaption class='wp-caption-text gallery-caption' id='gallery-1-1586'>\n\t\t\t\tPapel de aluminio\n\t\t\t\t<\/figcaption><\/figure><figure class='gallery-item'>\n\t\t\t<div class='gallery-icon landscape'>\n\t\t\t\t<a href='https:\/\/alubase.de\/wp-content\/uploads\/2018\/10\/aluminiumfolien-friseurbedarf-04.jpg'><img loading=\"lazy\" decoding=\"async\" width=\"300\" height=\"173\" src=\"https:\/\/alubase.de\/wp-content\/uploads\/2018\/10\/aluminiumfolien-friseurbedarf-04-300x173.jpg\" class=\"attachment-medium size-medium\" alt=\"L\u00e1minas de aluminio para peluquer\u00eda\" aria-describedby=\"gallery-1-1587\" srcset=\"https:\/\/alubase.de\/wp-content\/uploads\/2018\/10\/aluminiumfolien-friseurbedarf-04-300x173.jpg 300w, https:\/\/alubase.de\/wp-content\/uploads\/2018\/10\/aluminiumfolien-friseurbedarf-04-768x444.jpg 768w, https:\/\/alubase.de\/wp-content\/uploads\/2018\/10\/aluminiumfolien-friseurbedarf-04.jpg 830w\" sizes=\"auto, (max-width: 300px) 100vw, 300px\" \/><\/a>\n\t\t\t<\/div>\n\t\t\t\t<figcaption class='wp-caption-text gallery-caption' id='gallery-1-1587'>\n\t\t\t\tL\u00e1minas de aluminio para peluquer\u00eda\n\t\t\t\t<\/figcaption><\/figure><figure class='gallery-item'>\n\t\t\t<div class='gallery-icon landscape'>\n\t\t\t\t<a href='https:\/\/alubase.de\/wp-content\/uploads\/2018\/10\/aluminiumfolien-blisterfolien-05.jpg'><img loading=\"lazy\" decoding=\"async\" width=\"300\" height=\"173\" src=\"https:\/\/alubase.de\/wp-content\/uploads\/2018\/10\/aluminiumfolien-blisterfolien-05-300x173.jpg\" class=\"attachment-medium size-medium\" alt=\"L\u00e1minas de aluminio L\u00e1minas de bl\u00edster\" aria-describedby=\"gallery-1-1588\" srcset=\"https:\/\/alubase.de\/wp-content\/uploads\/2018\/10\/aluminiumfolien-blisterfolien-05-300x173.jpg 300w, https:\/\/alubase.de\/wp-content\/uploads\/2018\/10\/aluminiumfolien-blisterfolien-05-768x444.jpg 768w, https:\/\/alubase.de\/wp-content\/uploads\/2018\/10\/aluminiumfolien-blisterfolien-05.jpg 830w\" sizes=\"auto, (max-width: 300px) 100vw, 300px\" \/><\/a>\n\t\t\t<\/div>\n\t\t\t\t<figcaption class='wp-caption-text gallery-caption' id='gallery-1-1588'>\n\t\t\t\tL\u00e1minas de aluminio L\u00e1minas de bl\u00edster\n\t\t\t\t<\/figcaption><\/figure><figure class='gallery-item'>\n\t\t\t<div class='gallery-icon landscape'>\n\t\t\t\t<a href='https:\/\/alubase.de\/wp-content\/uploads\/2018\/10\/aluminiumfolien-blisterfolien-06.jpg'><img loading=\"lazy\" decoding=\"async\" width=\"300\" height=\"173\" src=\"https:\/\/alubase.de\/wp-content\/uploads\/2018\/10\/aluminiumfolien-blisterfolien-06-300x173.jpg\" class=\"attachment-medium size-medium\" alt=\"L\u00e1minas de aluminio L\u00e1minas de bl\u00edster\" aria-describedby=\"gallery-1-1589\" srcset=\"https:\/\/alubase.de\/wp-content\/uploads\/2018\/10\/aluminiumfolien-blisterfolien-06-300x173.jpg 300w, https:\/\/alubase.de\/wp-content\/uploads\/2018\/10\/aluminiumfolien-blisterfolien-06-768x444.jpg 768w, https:\/\/alubase.de\/wp-content\/uploads\/2018\/10\/aluminiumfolien-blisterfolien-06.jpg 830w\" sizes=\"auto, (max-width: 300px) 100vw, 300px\" \/><\/a>\n\t\t\t<\/div>\n\t\t\t\t<figcaption class='wp-caption-text gallery-caption' id='gallery-1-1589'>\n\t\t\t\tL\u00e1minas de aluminio L\u00e1minas de bl\u00edster\n\t\t\t\t<\/figcaption><\/figure>\n\t\t<\/div>\n\n<p><strong>Ejemplos t\u00edpicos de la industria:<\/strong><\/p>\n<ul>\n<li>Envasado de alimentos y productos farmac\u00e9uticos<\/li>\n<li>Aislamiento - Material aislante<\/li>\n<li>Transporte<\/li>\n<li>Log\u00edstica<\/li>\n<li>Ciencia y tecnolog\u00eda<\/li>\n<li>Edificio<\/li>\n<li>Su sector<\/li>\n<li>Industria<\/li>\n<li>Productos farmac\u00e9uticos<\/li>\n<li>Aislamiento ac\u00fastico<\/li>\n<li>Aislamiento de edificios<\/li>\n<\/ul>\n<p>Muchos a\u00f1os de experiencia en aluminio y materiales compuestos modernos nos convierten en un socio para el comercio y la industria. Suministramos dentro y fuera del pa\u00eds. Muchos de nuestros clientes est\u00e1n desarrollando nuevos productos, a los que tambi\u00e9n ayudamos con la planificaci\u00f3n de proyectos o el desarrollo de productos. P\u00f3ngase en contacto con uno de nuestros expertos.<\/p>\n<h3>Aleaciones de aluminio<\/h3>\n<p>Le suministramos papel de aluminio en la aleaci\u00f3n que necesite. Las proporciones en las aleaciones son peque\u00f1as, pero constituyen la parte decisiva de las propiedades del producto.<\/p>\n<h3>Norma EN-AW<\/h3>\n<p>En la antigua y arraigada norma alemana, el contenido de aluminio en la aleaci\u00f3n era muy claramente identificable. Seg\u00fan la nueva norma EN-AW, ahora com\u00fan, las proporciones ya no son tan claramente reconocibles.<\/p>\n<p>Las aleaciones disponibles para el aluminio seg\u00fan la norma EN-AW son 1050, 1200, 8079, 8011, 8111, 3003, 5754.<\/p>\n<h3>Grados de dureza<\/h3>\n<p>Adem\u00e1s de la aleaci\u00f3n, el grado de dureza requerido, que se crea en la aleaci\u00f3n durante el endurecimiento, es uno de los factores que influyen significativamente en las propiedades del producto. Suministramos a nuestros clientes una amplia gama de grados de dureza y especificaciones en papel de aluminio.<\/p>\n<p>Los grados de dureza disponibles oscilan entre O\/H111 - H18\/19.<\/p>\n<h3>Espesores y dimensiones de los productos<\/h3>\n<p>El papel de aluminio est\u00e1 disponible en casi todas las dimensiones y grosores de material. Por regla general, los grosores de material oscilan entre 6,3 y 4000\u00b5 de grosor de material y entre 20 y 2000 mm de anchura.<\/p>\n<p>Si su dimensi\u00f3n no figura en la lista, estaremos encantados de comprobar la disponibilidad previa solicitud. Nuestros clientes aprecian el hecho de recibir cantidades flexibles y peque\u00f1as adaptadas con precisi\u00f3n al proceso de producci\u00f3n.<\/p>\n<h3>Superficies<\/h3>\n<p>Le suministramos superficies de aluminio adaptadas y acabadas con precisi\u00f3n a usted y a su producto, a veces centr\u00e1ndonos en el acabado funcional y otras en el visual. A diferencia de casi cualquier otro material, el aluminio es adecuado para acabados con propiedades funcionales y visuales adicionales. Las superficies pueden realizarse de formas muy diferentes.<\/p>\n<p>Posibles superficies:<\/p>\n<ul>\n<li>barnizado<\/li>\n<li>alto brillo<\/li>\n<li>matt<\/li>\n<li>alto brillo por ambas caras<\/li>\n<li>Caracterizado<\/li>\n<li>perforado<\/li>\n<li>con agujas<\/li>\n<li>perforado<\/li>\n<li>cepillado<\/li>\n<\/ul>\n<h2>L\u00e1minas de aluminio: funcionales y con un ajuste perfecto<\/h2>\n<p>Suministramos papel de aluminio en rollos en diversas superficies y grados de dureza y, a petici\u00f3n, tambi\u00e9n muy puro y desengrasado como material para un procesamiento posterior m\u00e1s fino.<\/p>\n<h3>Entregamos:<\/h3>\n<ul>\n<li>Papeles de la madre<\/li>\n<li>Panecillos<\/li>\n<\/ul>\n<h3>Sus ventajas:<\/h3>\n<p>B\u00e1sicamente, la producci\u00f3n de grandes rollos madre de varios cientos de kilogramos es m\u00e1s eficaz, lo que tambi\u00e9n se traduce en un precio favorable al comprar grandes cantidades. No obstante, los procesos de producci\u00f3n suelen requerir cantidades menores, que por supuesto tambi\u00e9n podemos suministrarle en cantidades m\u00e1s peque\u00f1as.<\/p>\n<p>Por tanto, si est\u00e1 en condiciones de planificar su producci\u00f3n a largo plazo, se beneficiar\u00e1 de la ventaja de precio que supone comprar bobinas madre. Otra ventaja de la bobina madre es que se evitan los cambios de bobina, que requieren mucho tiempo y dinero.<\/p>\n<h3>Propiedades mec\u00e1nicas de las l\u00e1minas de aluminio<\/h3>\n<p>\u00bfQu\u00e9 propiedades son importantes para usted en el papel de aluminio?<\/p>\n<p>Le suministramos papel de aluminio con las propiedades que necesita para su producci\u00f3n. Por ejemplo, el grado de brillo suele ser decisivo para el envasado.<\/p>\n<p><strong>Las propiedades m\u00e1s importantes son<\/strong><\/p>\n<ul>\n<li>L\u00edmite el\u00e1stico<\/li>\n<li>Alargamiento<\/li>\n<li>Resistencia a la tracci\u00f3n<\/li>\n<li>Nivel de brillo<\/li>\n<li>Barrera<\/li>\n<li>Barrera de vapor<\/li>\n<li>Barrera contra la humedad<\/li>\n<li>Transmisi\u00f3n de la luz Reflexi\u00f3n del calor<\/li>\n<li>Adhesi\u00f3n de compuestos<\/li>\n<\/ul>\n<h3>Proveedor de papel de aluminio<\/h3>\n<ul>\n<li>Muchos a\u00f1os de experiencia nos convierten en uno de los principales fabricantes europeos de l\u00e1minas de aluminio funcionales<\/li>\n<li>Defendemos la innovaci\u00f3n en el desarrollo de productos y el establecimiento de nuestras propias normas de calidad<\/li>\n<li>Le suministramos papel de aluminio para su industria<\/li>\n<li>Le asesoramos en el desarrollo de nuevos productos y le proporcionamos apoyo en la planificaci\u00f3n de proyectos y consultor\u00eda<\/li>\n<\/ul>","protected":false},"excerpt":{"rendered":"<p>L\u00e1minas de aluminio para la industria Suministramos al comercio, la industria y la industria l\u00e1minas de aluminio altamente funcionales que se refinan en t\u00e9rminos de funci\u00f3n y aspecto seg\u00fan los requisitos del cliente y las especificaciones de producci\u00f3n. \u00c1mbitos de aplicaci\u00f3n Producimos l\u00e1minas de aluminio para la industria ...<\/p>","protected":false},"author":3,"featured_media":0,"parent":0,"menu_order":0,"comment_status":"closed","ping_status":"closed","template":"","meta":{"footnotes":""},"class_list":["post-1511","page","type-page","status-publish","hentry"],"yoast_head":"<!-- This site is optimized with the Yoast SEO plugin v27.6 - https:\/\/yoast.com\/product\/yoast-seo-wordpress\/ -->\n<title>Aluminiumfolien - AluBase<\/title>\n<meta name=\"robots\" content=\"index, follow, max-snippet:-1, max-image-preview:large, max-video-preview:-1\" \/>\n<link rel=\"canonical\" href=\"https:\/\/alubase.de\/es\/hojas-de-aluminio\/\" \/>\n<meta property=\"og:locale\" content=\"es_ES\" \/>\n<meta property=\"og:type\" content=\"article\" \/>\n<meta property=\"og:title\" content=\"Aluminiumfolien - AluBase\" \/>\n<meta property=\"og:description\" content=\"Aluminiumfolien f\u00fcr die Industrie Wir beliefern Handel, Industrie und Wirtschaft mit hochfunktionalen Aluminiumfolien, die nach Kundenwunsch und Produktionsanforderung in Funktion und Optik veredelt sind. Anwendungsgebiete Wir produzieren Aluminiumfolien f\u00fcr industrielle ...\" \/>\n<meta property=\"og:url\" content=\"https:\/\/alubase.de\/es\/hojas-de-aluminio\/\" \/>\n<meta property=\"og:site_name\" content=\"AluBase\" \/>\n<meta property=\"article:modified_time\" content=\"2018-10-19T11:01:25+00:00\" \/>\n<meta property=\"og:image\" content=\"https:\/\/alubase.de\/wp-content\/uploads\/2018\/10\/aluminiumfolien-rollenware-01-300x173.jpg\" \/>\n<meta name=\"twitter:card\" content=\"summary_large_image\" \/>\n<meta name=\"twitter:label1\" content=\"Tiempo de lectura\" \/>\n\t<meta name=\"twitter:data1\" content=\"3 minutos\" \/>\n<script type=\"application\/ld+json\" class=\"yoast-schema-graph\">{\"@context\":\"https:\\\/\\\/schema.org\",\"@graph\":[{\"@type\":\"WebPage\",\"@id\":\"https:\\\/\\\/alubase.de\\\/aluminiumfolien\\\/\",\"url\":\"https:\\\/\\\/alubase.de\\\/aluminiumfolien\\\/\",\"name\":\"Aluminiumfolien - AluBase\",\"isPartOf\":{\"@id\":\"https:\\\/\\\/alubase.de\\\/#website\"},\"datePublished\":\"2018-09-01T09:15:58+00:00\",\"dateModified\":\"2018-10-19T11:01:25+00:00\",\"breadcrumb\":{\"@id\":\"https:\\\/\\\/alubase.de\\\/aluminiumfolien\\\/#breadcrumb\"},\"inLanguage\":\"es\",\"potentialAction\":[{\"@type\":\"ReadAction\",\"target\":[\"https:\\\/\\\/alubase.de\\\/aluminiumfolien\\\/\"]}]},{\"@type\":\"BreadcrumbList\",\"@id\":\"https:\\\/\\\/alubase.de\\\/aluminiumfolien\\\/#breadcrumb\",\"itemListElement\":[{\"@type\":\"ListItem\",\"position\":1,\"name\":\"Startseite\",\"item\":\"https:\\\/\\\/alubase.de\\\/\"},{\"@type\":\"ListItem\",\"position\":2,\"name\":\"Aluminiumfolien\"}]},{\"@type\":\"WebSite\",\"@id\":\"https:\\\/\\\/alubase.de\\\/#website\",\"url\":\"https:\\\/\\\/alubase.de\\\/\",\"name\":\"AluBase\",\"description\":\"Die Aluexperten\",\"publisher\":{\"@id\":\"https:\\\/\\\/alubase.de\\\/#organization\"},\"potentialAction\":[{\"@type\":\"SearchAction\",\"target\":{\"@type\":\"EntryPoint\",\"urlTemplate\":\"https:\\\/\\\/alubase.de\\\/?s={search_term_string}\"},\"query-input\":{\"@type\":\"PropertyValueSpecification\",\"valueRequired\":true,\"valueName\":\"search_term_string\"}}],\"inLanguage\":\"es\"},{\"@type\":\"Organization\",\"@id\":\"https:\\\/\\\/alubase.de\\\/#organization\",\"name\":\"Ablal - Aluminium, Blister, Laminate\",\"url\":\"https:\\\/\\\/alubase.de\\\/\",\"logo\":{\"@type\":\"ImageObject\",\"inLanguage\":\"es\",\"@id\":\"https:\\\/\\\/alubase.de\\\/#\\\/schema\\\/logo\\\/image\\\/\",\"url\":\"https:\\\/\\\/alubase.de\\\/wp-content\\\/uploads\\\/2018\\\/10\\\/alufolien.jpg\",\"contentUrl\":\"https:\\\/\\\/alubase.de\\\/wp-content\\\/uploads\\\/2018\\\/10\\\/alufolien.jpg\",\"width\":640,\"height\":348,\"caption\":\"Ablal - Aluminium, Blister, Laminate\"},\"image\":{\"@id\":\"https:\\\/\\\/alubase.de\\\/#\\\/schema\\\/logo\\\/image\\\/\"}}]}<\/script>\n<!-- \/ Yoast SEO plugin. -->","yoast_head_json":{"title":"L\u00e1minas de aluminio - AluBase","robots":{"index":"index","follow":"follow","max-snippet":"max-snippet:-1","max-image-preview":"max-image-preview:large","max-video-preview":"max-video-preview:-1"},"canonical":"https:\/\/alubase.de\/es\/hojas-de-aluminio\/","og_locale":"es_ES","og_type":"article","og_title":"Aluminiumfolien - AluBase","og_description":"Aluminiumfolien f\u00fcr die Industrie Wir beliefern Handel, Industrie und Wirtschaft mit hochfunktionalen Aluminiumfolien, die nach Kundenwunsch und Produktionsanforderung in Funktion und Optik veredelt sind. Anwendungsgebiete Wir produzieren Aluminiumfolien f\u00fcr industrielle ...","og_url":"https:\/\/alubase.de\/es\/hojas-de-aluminio\/","og_site_name":"AluBase","article_modified_time":"2018-10-19T11:01:25+00:00","og_image":[{"url":"https:\/\/alubase.de\/wp-content\/uploads\/2018\/10\/aluminiumfolien-rollenware-01-300x173.jpg","type":"","width":"","height":""}],"twitter_card":"summary_large_image","twitter_misc":{"Tiempo de lectura":"3 minutos"},"schema":{"@context":"https:\/\/schema.org","@graph":[{"@type":"WebPage","@id":"https:\/\/alubase.de\/aluminiumfolien\/","url":"https:\/\/alubase.de\/aluminiumfolien\/","name":"L\u00e1minas de aluminio - AluBase","isPartOf":{"@id":"https:\/\/alubase.de\/#website"},"datePublished":"2018-09-01T09:15:58+00:00","dateModified":"2018-10-19T11:01:25+00:00","breadcrumb":{"@id":"https:\/\/alubase.de\/aluminiumfolien\/#breadcrumb"},"inLanguage":"es","potentialAction":[{"@type":"ReadAction","target":["https:\/\/alubase.de\/aluminiumfolien\/"]}]},{"@type":"BreadcrumbList","@id":"https:\/\/alubase.de\/aluminiumfolien\/#breadcrumb","itemListElement":[{"@type":"ListItem","position":1,"name":"Startseite","item":"https:\/\/alubase.de\/"},{"@type":"ListItem","position":2,"name":"Aluminiumfolien"}]},{"@type":"WebSite","@id":"https:\/\/alubase.de\/#website","url":"https:\/\/alubase.de\/","name":"AluBase","description":"Expertos en aluminio","publisher":{"@id":"https:\/\/alubase.de\/#organization"},"potentialAction":[{"@type":"SearchAction","target":{"@type":"EntryPoint","urlTemplate":"https:\/\/alubase.de\/?s={search_term_string}"},"query-input":{"@type":"PropertyValueSpecification","valueRequired":true,"valueName":"search_term_string"}}],"inLanguage":"es"},{"@type":"Organization","@id":"https:\/\/alubase.de\/#organization","name":"Ablal - Aluminio, Blister, Laminados","url":"https:\/\/alubase.de\/","logo":{"@type":"ImageObject","inLanguage":"es","@id":"https:\/\/alubase.de\/#\/schema\/logo\/image\/","url":"https:\/\/alubase.de\/wp-content\/uploads\/2018\/10\/alufolien.jpg","contentUrl":"https:\/\/alubase.de\/wp-content\/uploads\/2018\/10\/alufolien.jpg","width":640,"height":348,"caption":"Ablal - Aluminium, Blister, Laminate"},"image":{"@id":"https:\/\/alubase.de\/#\/schema\/logo\/image\/"}}]}},"_links":{"self":[{"href":"https:\/\/alubase.de\/es\/wp-json\/wp\/v2\/pages\/1511","targetHints":{"allow":["GET"]}}],"collection":[{"href":"https:\/\/alubase.de\/es\/wp-json\/wp\/v2\/pages"}],"about":[{"href":"https:\/\/alubase.de\/es\/wp-json\/wp\/v2\/types\/page"}],"author":[{"embeddable":true,"href":"https:\/\/alubase.de\/es\/wp-json\/wp\/v2\/users\/3"}],"replies":[{"embeddable":true,"href":"https:\/\/alubase.de\/es\/wp-json\/wp\/v2\/comments?post=1511"}],"version-history":[{"count":8,"href":"https:\/\/alubase.de\/es\/wp-json\/wp\/v2\/pages\/1511\/revisions"}],"predecessor-version":[{"id":1590,"href":"https:\/\/alubase.de\/es\/wp-json\/wp\/v2\/pages\/1511\/revisions\/1590"}],"wp:attachment":[{"href":"https:\/\/alubase.de\/es\/wp-json\/wp\/v2\/media?parent=1511"}],"curies":[{"name":"wp","href":"https:\/\/api.w.org\/{rel}","templated":true}]}}