{"id":1514,"date":"2018-09-01T10:37:29","date_gmt":"2018-09-01T10:37:29","guid":{"rendered":"https:\/\/alubase.de\/?page_id=1514"},"modified":"2018-10-19T21:54:01","modified_gmt":"2018-10-19T21:54:01","slug":"laminas","status":"publish","type":"page","link":"https:\/\/alubase.de\/es\/verbundfolien\/","title":{"rendered":"Pel\u00edculas laminadas"},"content":{"rendered":"<h2>L\u00e1minas compuestas de aluminio, PE y PET, pl\u00e1sticos<\/h2>\n<p>El aluminio como l\u00e1mina compuesta en combinaci\u00f3n con pl\u00e1sticos es un producto funcional y visualmente mejorado que hoy en d\u00eda forma parte indispensable de cualquier industria.<\/p>\n<p>Suministramos todo tipo de l\u00e1minas compuestas de aluminio, PE y PET a la industria transformadora, el comercio, los fabricantes de productos alimentarios y farmac\u00e9uticos, la industria de la construcci\u00f3n y muchos otros sectores.<br \/>\nLas pel\u00edculas laminadas altamente funcionales y perfeccionadas son soluciones adaptadas a su sector. El espectro abarca desde el film laminado como material base para sus envases hasta el film como material base para el aislamiento de edificios o para su uso en ciencia e investigaci\u00f3n, por ejemplo.<\/p>\n<div id='gallery-1' class='gallery galleryid-1514 gallery-columns-3 gallery-size-medium'><figure class='gallery-item'>\n\t\t\t<div class='gallery-icon landscape'>\n\t\t\t\t<a href='https:\/\/alubase.de\/wp-content\/uploads\/2018\/10\/verbundfolien-isolation-01.jpg'><img loading=\"lazy\" decoding=\"async\" width=\"300\" height=\"173\" src=\"https:\/\/alubase.de\/wp-content\/uploads\/2018\/10\/verbundfolien-isolation-01-300x173.jpg\" class=\"attachment-medium size-medium\" alt=\"Aislamiento con pel\u00edcula compuesta\" aria-describedby=\"gallery-1-1592\" srcset=\"https:\/\/alubase.de\/wp-content\/uploads\/2018\/10\/verbundfolien-isolation-01-300x173.jpg 300w, https:\/\/alubase.de\/wp-content\/uploads\/2018\/10\/verbundfolien-isolation-01-768x444.jpg 768w, https:\/\/alubase.de\/wp-content\/uploads\/2018\/10\/verbundfolien-isolation-01.jpg 830w\" sizes=\"auto, (max-width: 300px) 100vw, 300px\" \/><\/a>\n\t\t\t<\/div>\n\t\t\t\t<figcaption class='wp-caption-text gallery-caption' id='gallery-1-1592'>\n\t\t\t\tAislamiento con pel\u00edcula compuesta\n\t\t\t\t<\/figcaption><\/figure><figure class='gallery-item'>\n\t\t\t<div class='gallery-icon landscape'>\n\t\t\t\t<a href='https:\/\/alubase.de\/wp-content\/uploads\/2018\/10\/verbundfolien-isolation-02.jpg'><img loading=\"lazy\" decoding=\"async\" width=\"300\" height=\"173\" src=\"https:\/\/alubase.de\/wp-content\/uploads\/2018\/10\/verbundfolien-isolation-02-300x173.jpg\" class=\"attachment-medium size-medium\" alt=\"Aislamiento con pel\u00edcula compuesta\" aria-describedby=\"gallery-1-1593\" srcset=\"https:\/\/alubase.de\/wp-content\/uploads\/2018\/10\/verbundfolien-isolation-02-300x173.jpg 300w, https:\/\/alubase.de\/wp-content\/uploads\/2018\/10\/verbundfolien-isolation-02-768x444.jpg 768w, https:\/\/alubase.de\/wp-content\/uploads\/2018\/10\/verbundfolien-isolation-02.jpg 830w\" sizes=\"auto, (max-width: 300px) 100vw, 300px\" \/><\/a>\n\t\t\t<\/div>\n\t\t\t\t<figcaption class='wp-caption-text gallery-caption' id='gallery-1-1593'>\n\t\t\t\tAislamiento con pel\u00edcula compuesta\n\t\t\t\t<\/figcaption><\/figure><figure class='gallery-item'>\n\t\t\t<div class='gallery-icon landscape'>\n\t\t\t\t<a href='https:\/\/alubase.de\/wp-content\/uploads\/2018\/10\/verbundfolien-schutzfolien-thermohaube-07.jpg'><img loading=\"lazy\" decoding=\"async\" width=\"300\" height=\"173\" src=\"https:\/\/alubase.de\/wp-content\/uploads\/2018\/10\/verbundfolien-schutzfolien-thermohaube-07-300x173.jpg\" class=\"attachment-medium size-medium\" alt=\"L\u00e1minas compuestas L\u00e1minas protectoras Cubierta t\u00e9rmica\" aria-describedby=\"gallery-1-1598\" srcset=\"https:\/\/alubase.de\/wp-content\/uploads\/2018\/10\/verbundfolien-schutzfolien-thermohaube-07-300x173.jpg 300w, https:\/\/alubase.de\/wp-content\/uploads\/2018\/10\/verbundfolien-schutzfolien-thermohaube-07-768x444.jpg 768w, https:\/\/alubase.de\/wp-content\/uploads\/2018\/10\/verbundfolien-schutzfolien-thermohaube-07.jpg 830w\" sizes=\"auto, (max-width: 300px) 100vw, 300px\" \/><\/a>\n\t\t\t<\/div>\n\t\t\t\t<figcaption class='wp-caption-text gallery-caption' id='gallery-1-1598'>\n\t\t\t\tL\u00e1minas compuestas L\u00e1minas protectoras Cubierta t\u00e9rmica\n\t\t\t\t<\/figcaption><\/figure><figure class='gallery-item'>\n\t\t\t<div class='gallery-icon landscape'>\n\t\t\t\t<a href='https:\/\/alubase.de\/wp-content\/uploads\/2018\/10\/verbundfolien-rollenware-05.jpg'><img loading=\"lazy\" decoding=\"async\" width=\"300\" height=\"173\" src=\"https:\/\/alubase.de\/wp-content\/uploads\/2018\/10\/verbundfolien-rollenware-05-300x173.jpg\" class=\"attachment-medium size-medium\" alt=\"L\u00e1minas compuestas en rollos\" aria-describedby=\"gallery-1-1596\" srcset=\"https:\/\/alubase.de\/wp-content\/uploads\/2018\/10\/verbundfolien-rollenware-05-300x173.jpg 300w, https:\/\/alubase.de\/wp-content\/uploads\/2018\/10\/verbundfolien-rollenware-05-768x444.jpg 768w, https:\/\/alubase.de\/wp-content\/uploads\/2018\/10\/verbundfolien-rollenware-05.jpg 830w\" sizes=\"auto, (max-width: 300px) 100vw, 300px\" \/><\/a>\n\t\t\t<\/div>\n\t\t\t\t<figcaption class='wp-caption-text gallery-caption' id='gallery-1-1596'>\n\t\t\t\tL\u00e1minas compuestas en rollos\n\t\t\t\t<\/figcaption><\/figure><figure class='gallery-item'>\n\t\t\t<div class='gallery-icon landscape'>\n\t\t\t\t<a href='https:\/\/alubase.de\/wp-content\/uploads\/2018\/10\/verbundfolien-03.jpg'><img loading=\"lazy\" decoding=\"async\" width=\"300\" height=\"173\" src=\"https:\/\/alubase.de\/wp-content\/uploads\/2018\/10\/verbundfolien-03-300x173.jpg\" class=\"attachment-medium size-medium\" alt=\"Pel\u00edculas laminadas\" aria-describedby=\"gallery-1-1594\" srcset=\"https:\/\/alubase.de\/wp-content\/uploads\/2018\/10\/verbundfolien-03-300x173.jpg 300w, https:\/\/alubase.de\/wp-content\/uploads\/2018\/10\/verbundfolien-03-768x444.jpg 768w, https:\/\/alubase.de\/wp-content\/uploads\/2018\/10\/verbundfolien-03.jpg 830w\" sizes=\"auto, (max-width: 300px) 100vw, 300px\" \/><\/a>\n\t\t\t<\/div>\n\t\t\t\t<figcaption class='wp-caption-text gallery-caption' id='gallery-1-1594'>\n\t\t\t\tPel\u00edculas laminadas\n\t\t\t\t<\/figcaption><\/figure><figure class='gallery-item'>\n\t\t\t<div class='gallery-icon landscape'>\n\t\t\t\t<a href='https:\/\/alubase.de\/wp-content\/uploads\/2018\/10\/verbundfolien-04.jpg'><img loading=\"lazy\" decoding=\"async\" width=\"300\" height=\"173\" src=\"https:\/\/alubase.de\/wp-content\/uploads\/2018\/10\/verbundfolien-04-300x173.jpg\" class=\"attachment-medium size-medium\" alt=\"Pel\u00edculas laminadas\" aria-describedby=\"gallery-1-1595\" srcset=\"https:\/\/alubase.de\/wp-content\/uploads\/2018\/10\/verbundfolien-04-300x173.jpg 300w, https:\/\/alubase.de\/wp-content\/uploads\/2018\/10\/verbundfolien-04-768x444.jpg 768w, https:\/\/alubase.de\/wp-content\/uploads\/2018\/10\/verbundfolien-04.jpg 830w\" sizes=\"auto, (max-width: 300px) 100vw, 300px\" \/><\/a>\n\t\t\t<\/div>\n\t\t\t\t<figcaption class='wp-caption-text gallery-caption' id='gallery-1-1595'>\n\t\t\t\tPel\u00edculas laminadas\n\t\t\t\t<\/figcaption><\/figure><figure class='gallery-item'>\n\t\t\t<div class='gallery-icon landscape'>\n\t\t\t\t<a href='https:\/\/alubase.de\/wp-content\/uploads\/2018\/10\/verbundfolien-schutzfolien-08.jpg'><img loading=\"lazy\" decoding=\"async\" width=\"300\" height=\"173\" src=\"https:\/\/alubase.de\/wp-content\/uploads\/2018\/10\/verbundfolien-schutzfolien-08-300x173.jpg\" class=\"attachment-medium size-medium\" alt=\"Pel\u00edculas laminadas Pel\u00edcula protectora\" aria-describedby=\"gallery-1-1599\" srcset=\"https:\/\/alubase.de\/wp-content\/uploads\/2018\/10\/verbundfolien-schutzfolien-08-300x173.jpg 300w, https:\/\/alubase.de\/wp-content\/uploads\/2018\/10\/verbundfolien-schutzfolien-08-768x444.jpg 768w, https:\/\/alubase.de\/wp-content\/uploads\/2018\/10\/verbundfolien-schutzfolien-08.jpg 830w\" sizes=\"auto, (max-width: 300px) 100vw, 300px\" \/><\/a>\n\t\t\t<\/div>\n\t\t\t\t<figcaption class='wp-caption-text gallery-caption' id='gallery-1-1599'>\n\t\t\t\tPel\u00edculas laminadas Pel\u00edcula protectora\n\t\t\t\t<\/figcaption><\/figure><figure class='gallery-item'>\n\t\t\t<div class='gallery-icon landscape'>\n\t\t\t\t<a href='https:\/\/alubase.de\/wp-content\/uploads\/2018\/10\/verbundfolien-schutzfolien-09.jpg'><img loading=\"lazy\" decoding=\"async\" width=\"300\" height=\"173\" src=\"https:\/\/alubase.de\/wp-content\/uploads\/2018\/10\/verbundfolien-schutzfolien-09-300x173.jpg\" class=\"attachment-medium size-medium\" alt=\"Pel\u00edculas laminadas Pel\u00edcula protectora\" aria-describedby=\"gallery-1-1600\" srcset=\"https:\/\/alubase.de\/wp-content\/uploads\/2018\/10\/verbundfolien-schutzfolien-09-300x173.jpg 300w, https:\/\/alubase.de\/wp-content\/uploads\/2018\/10\/verbundfolien-schutzfolien-09-768x444.jpg 768w, https:\/\/alubase.de\/wp-content\/uploads\/2018\/10\/verbundfolien-schutzfolien-09.jpg 830w\" sizes=\"auto, (max-width: 300px) 100vw, 300px\" \/><\/a>\n\t\t\t<\/div>\n\t\t\t\t<figcaption class='wp-caption-text gallery-caption' id='gallery-1-1600'>\n\t\t\t\tPel\u00edculas laminadas Pel\u00edcula protectora\n\t\t\t\t<\/figcaption><\/figure><figure class='gallery-item'>\n\t\t\t<div class='gallery-icon landscape'>\n\t\t\t\t<a href='https:\/\/alubase.de\/wp-content\/uploads\/2018\/10\/verbundfolien-siegel-06.jpg'><img loading=\"lazy\" decoding=\"async\" width=\"300\" height=\"173\" src=\"https:\/\/alubase.de\/wp-content\/uploads\/2018\/10\/verbundfolien-siegel-06-300x173.jpg\" class=\"attachment-medium size-medium\" alt=\"Sellos de pel\u00edcula compuesta Alimentos\" aria-describedby=\"gallery-1-1597\" srcset=\"https:\/\/alubase.de\/wp-content\/uploads\/2018\/10\/verbundfolien-siegel-06-300x173.jpg 300w, https:\/\/alubase.de\/wp-content\/uploads\/2018\/10\/verbundfolien-siegel-06-768x444.jpg 768w, https:\/\/alubase.de\/wp-content\/uploads\/2018\/10\/verbundfolien-siegel-06.jpg 830w\" sizes=\"auto, (max-width: 300px) 100vw, 300px\" \/><\/a>\n\t\t\t<\/div>\n\t\t\t\t<figcaption class='wp-caption-text gallery-caption' id='gallery-1-1597'>\n\t\t\t\tSellos de pel\u00edcula compuesta Alimentos\n\t\t\t\t<\/figcaption><\/figure>\n\t\t<\/div>\n\n<h3>Laminado (laminaci\u00f3n) y revestimiento (extrusi\u00f3n)<\/h3>\n<p>Los procesos habituales en la producci\u00f3n de pel\u00edculas compuestas son el laminado y el recubrimiento (extrusi\u00f3n).<\/p>\n<h3>Tipos de laminaci\u00f3n:<\/h3>\n<ul>\n<li>Laminado h\u00famedo<\/li>\n<li>Laminado en seco<\/li>\n<li>Laminaci\u00f3n de cera<\/li>\n<li>Laminado con disolventes<\/li>\n<li>Laminado sin disolventes<\/li>\n<\/ul>\n<h3>Tipos de revestimiento:<\/h3>\n<p>El lacado es el tipo de recubrimiento m\u00e1s com\u00fan. Se pueden conseguir superficies muy brillantes. Tambi\u00e9n se pueden obtener l\u00e1minas recubiertas funcionalmente de modo que ofrezcan una protecci\u00f3n \u00f3ptima contra el sabor o garanticen una protecci\u00f3n de barrera, por ejemplo.<\/p>\n<p>Existen numerosas posibilidades de refinamiento funcional y visual, y podemos realizarlas a la medida de sus necesidades. Benef\u00edciese de nuestras d\u00e9cadas de experiencia en este campo.<\/p>\n<p><strong>L\u00e1minas compuestas disponibles en estas dimensiones:<\/strong><\/p>\n<ul>\n<li>8-10 mm<\/li>\n<li>10-50 mm<\/li>\n<li>50-100 mm<\/li>\n<li>100-200 mm<\/li>\n<li>200-300 mm<\/li>\n<li>300-400 mm<\/li>\n<li>400-500 mm<\/li>\n<li>500-750 mm<\/li>\n<li>750-1000 mm<\/li>\n<li>1000-1300 mm<\/li>\n<li>1300-1600 mm<\/li>\n<li>1600-1900 mm<\/li>\n<li>1900-2100 mm<\/li>\n<li>a partir de 2100 mm<\/li>\n<\/ul>\n<h3>Tipos de l\u00e1minas compuestas<\/h3>\n<p>Las diferentes composiciones de los materiales b\u00e1sicos de una pel\u00edcula compuesta crean las funciones y propiedades deseadas:<\/p>\n<table summary=\"Verschiedene Zusammensetzung der Grundstoffe einer Verbundfolie\" style=\"width:100%\">\n<colgroup>\n<col width=\"33%\">\n<col width=\"33%\">\n<col width=\"33%\">\n<\/colgroup>\n<tbody>\n<tr>\n<th>Composici\u00f3n <\/th>\n<th>Prop\u00f3sito<\/th>\n<th>Superficie<\/th>\n<\/tr>\n<tr>\n<td>PET + aluminio + PE<\/td>\n<td>Embalaje<\/td>\n<td>Imprima hasta 10 colores<\/td>\n<\/tr>\n<tr>\n<td>PET + aluminio + PP<\/td>\n<td>Embalaje<\/td>\n<td>Imprima hasta 10 colores<\/td>\n<\/tr>\n<tr>\n<td>PET met + PE<\/td>\n<td>Embalaje<\/td>\n<td>Imprima hasta 10 colores<\/td>\n<\/tr>\n<tr>\n<td>PET met + PP<\/td>\n<td>Embalaje<\/td>\n<td>Imprima hasta 10 colores<\/td>\n<\/tr>\n<tr>\n<td>PET aluminio + PP<\/td>\n<td>Cables<\/td>\n<td>Impresi\u00f3n posible<\/td>\n<\/tr>\n<tr>\n<td>PET + aluminio + HDPE<\/td>\n<td>Envases a granel<\/td>\n<td>Imprima hasta 10 colores<\/td>\n<\/tr>\n<tr>\n<td>Papel + aluminio + PE<\/td>\n<td>Embalaje<\/td>\n<td>Imprima hasta 10 colores<\/td>\n<\/tr>\n<tr>\n<td>Papel + PE<\/td>\n<td>Embalaje<\/td>\n<td>Imprima hasta 10 colores<\/td>\n<\/tr>\n<tr>\n<td>Aluminio + PE<\/td>\n<td>Aislamiento<\/td>\n<td>Posibilidad de aplicar laca protectora<\/td>\n<\/tr>\n<tr>\n<td>Aluminio + PET<\/td>\n<td>Aislamiento<\/td>\n<td>Posibilidad de aplicar laca protectora<\/td>\n<\/tr>\n<tr>\n<td>PET + aluminio + PET<\/td>\n<td>Aislamiento, cable<\/td>\n<td>Impresi\u00f3n posible<\/td>\n<\/tr>\n<\/tbody>\n<\/table>\n<h3>Embrague y tejido:<\/h3>\n<p>Los fabricantes de aislantes conf\u00edan en las l\u00e1minas de aluminio y composite de nuestra empresa. Una de nuestras principales \u00e1reas de especializaci\u00f3n es el suministro personalizado de l\u00e1minas compuestas funcionales con rejillas y tejidos:<\/p>\n<table summary=\"Verbundfolien mit Gelege und Gewebe\" style=\"width:100%\">\n<colgroup>\n<col width=\"33%\">\n<col width=\"33%\">\n<col width=\"33%\">\n<\/colgroup>\n<tbody>\n<tr>\n<th>Composici\u00f3n <\/th>\n<th>Prop\u00f3sito<\/th>\n<th>Superficie<\/th>\n<\/tr>\n<tr>\n<td>PET+tela+aluminio+PE<\/td>\n<td>Aislamiento, envasado a granel<\/td>\n<td>Imprima hasta 10 colores<\/td>\n<\/tr>\n<tr>\n<td>PET+tela+aluminio+PET<\/td>\n<td>Aislamiento, envasado a granel<\/td>\n<td>Imprima hasta 10 colores<\/td>\n<\/tr>\n<tr>\n<td>PET+Aluminio+Tejido<\/td>\n<td>Aislamiento, envasado a granel<\/td>\n<td>Imprima hasta 10 colores<\/td>\n<\/tr>\n<tr>\n<td>PETmet+tejido<\/td>\n<td>Aislamiento, envasado a granel<\/td>\n<td>Imprima hasta 10 colores<\/td>\n<\/tr>\n<\/tbody>\n<\/table>\n<h3>Tipo de pel\u00edcula compuesta Propiedades<\/h3>\n<h4>Poliamida (PA)<\/h4>\n<ul>\n<li>Alta resistencia<\/li>\n<li>Mec\u00e1nicamente resistente<\/li>\n<li>Muy buena funci\u00f3n de barrera<\/li>\n<li>La funci\u00f3n de barrera disminuye con la humedad elevada<\/li>\n<li>Resistente al fr\u00edo y al calor<\/li>\n<li>Insensible al agua<\/li>\n<li>Termoformable y estirable<\/li>\n<\/ul>\n<h4>Polipropileno (PP)<\/h4>\n<ul>\n<li>Alta resistencia mec\u00e1nica<\/li>\n<li>Permeable al ox\u00edgeno<\/li>\n<li>Insensible al agua<\/li>\n<li>Buena barrera al vapor de agua<\/li>\n<li>S\u00f3lo moderadamente resistente al calor<\/li>\n<\/ul>\n<h4>Cloruro de polivinilo (PVC)<\/h4>\n<ul>\n<li>Gran rigidez<\/li>\n<li>Buena termoformabilidad<\/li>\n<li>Resistente al calor y al fr\u00edo<\/li>\n<\/ul>\n<h4>Celof\u00e1n<\/h4>\n<ul>\n<li>Buena funci\u00f3n de barrera con baja humedad<\/li>\n<li>Baja resistencia mec\u00e1nica<\/li>\n<li>No resistente a la intemperie<\/li>\n<\/ul>\n<h4>Poli\u00e9ster (oPET)<\/h4>\n<ul>\n<li>Resistente a la tensi\u00f3n mec\u00e1nica<\/li>\n<li>Resistente al calor y al fr\u00edo<\/li>\n<li>Insensible al agua<\/li>\n<li>Buenas propiedades de barrera<\/li>\n<\/ul>\n<h4>L\u00e1minas de soporte de impresi\u00f3n t\u00edpicas<\/h4>\n<ul>\n<li>Pel\u00edcula de poli\u00e9ster (PET)<\/li>\n<li>Pel\u00edcula de polipropileno (PP)<\/li>\n<li>Pel\u00edcula de poliamida (PA)<\/li>\n<\/ul>\n<h4>L\u00e1minas de barrera t\u00edpicas<\/h4>\n<ul>\n<li>L\u00e1minas de aluminio<\/li>\n<li>L\u00e1minas metalizadas ( PET-MET)<\/li>\n<li>Pel\u00edculas vaporizadas<\/li>\n<li>EVOH<\/li>\n<li>PVDC<\/li>\n<\/ul>\n<h4>L\u00e1minas de sellado t\u00edpicas<\/h4>\n<ul>\n<li>L\u00e1minas de PE<\/li>\n<li>L\u00e1minas de PP<\/li>\n<\/ul>\n<h3>Su proveedor de l\u00e1minas<\/h3>\n<p>Nos consideramos expertos y proveedores de l\u00e1minas para la industria transformadora. Tiene fluctuaciones relacionadas con la producci\u00f3n en la cantidad requerida o necesita productos personalizados?<\/p>\n<p>Tambi\u00e9n estamos encantados de suministrarle cantidades m\u00e1s peque\u00f1as, personalizadas para su empresa, as\u00ed como productos y prototipos a medida.<br \/>\nEstaremos encantados de proporcionarle muestras o asesorarle sobre el desarrollo de productos y soluciones en film laminado. P\u00f3ngase en contacto con nosotros.<\/p>","protected":false},"excerpt":{"rendered":"<p>L\u00e1minas compuestas de aluminio, PE y PET, pl\u00e1sticos El aluminio como l\u00e1mina compuesta en combinaci\u00f3n con pl\u00e1sticos es un material funcional y visualmente mejorado que actualmente forma parte indispensable de cualquier industria. Suministramos a la industria transformadora ...<\/p>","protected":false},"author":3,"featured_media":0,"parent":0,"menu_order":0,"comment_status":"closed","ping_status":"closed","template":"","meta":{"footnotes":""},"class_list":["post-1514","page","type-page","status-publish","hentry"],"yoast_head":"<!-- This site is optimized with the Yoast SEO plugin v27.6 - https:\/\/yoast.com\/product\/yoast-seo-wordpress\/ -->\n<title>Verbundfolien - AluBase<\/title>\n<meta name=\"robots\" content=\"index, follow, max-snippet:-1, max-image-preview:large, max-video-preview:-1\" \/>\n<link rel=\"canonical\" href=\"https:\/\/alubase.de\/es\/laminas\/\" \/>\n<meta property=\"og:locale\" content=\"es_ES\" \/>\n<meta property=\"og:type\" content=\"article\" \/>\n<meta property=\"og:title\" content=\"Verbundfolien - AluBase\" \/>\n<meta property=\"og:description\" content=\"Verbundfolien aus Aluminium-, PE und PET, Kunststoffen Aluminium als Verbundfolie in Kombination mit Kunststoffen, ist funktional und optisch veredelt heute kaum noch aus einer Branche wegzudenken. Wir beliefern die weiterverarbeitenden ...\" \/>\n<meta property=\"og:url\" content=\"https:\/\/alubase.de\/es\/laminas\/\" \/>\n<meta property=\"og:site_name\" content=\"AluBase\" \/>\n<meta property=\"article:modified_time\" content=\"2018-10-19T21:54:01+00:00\" \/>\n<meta property=\"og:image\" content=\"https:\/\/alubase.de\/wp-content\/uploads\/2018\/10\/verbundfolien-isolation-01-300x173.jpg\" \/>\n<meta name=\"twitter:card\" content=\"summary_large_image\" \/>\n<meta name=\"twitter:label1\" content=\"Tiempo de lectura\" \/>\n\t<meta name=\"twitter:data1\" content=\"3 minutos\" \/>\n<script type=\"application\/ld+json\" class=\"yoast-schema-graph\">{\"@context\":\"https:\\\/\\\/schema.org\",\"@graph\":[{\"@type\":\"WebPage\",\"@id\":\"https:\\\/\\\/alubase.de\\\/verbundfolien\\\/\",\"url\":\"https:\\\/\\\/alubase.de\\\/verbundfolien\\\/\",\"name\":\"Verbundfolien - AluBase\",\"isPartOf\":{\"@id\":\"https:\\\/\\\/alubase.de\\\/#website\"},\"datePublished\":\"2018-09-01T10:37:29+00:00\",\"dateModified\":\"2018-10-19T21:54:01+00:00\",\"breadcrumb\":{\"@id\":\"https:\\\/\\\/alubase.de\\\/verbundfolien\\\/#breadcrumb\"},\"inLanguage\":\"es\",\"potentialAction\":[{\"@type\":\"ReadAction\",\"target\":[\"https:\\\/\\\/alubase.de\\\/verbundfolien\\\/\"]}]},{\"@type\":\"BreadcrumbList\",\"@id\":\"https:\\\/\\\/alubase.de\\\/verbundfolien\\\/#breadcrumb\",\"itemListElement\":[{\"@type\":\"ListItem\",\"position\":1,\"name\":\"Startseite\",\"item\":\"https:\\\/\\\/alubase.de\\\/\"},{\"@type\":\"ListItem\",\"position\":2,\"name\":\"Verbundfolien\"}]},{\"@type\":\"WebSite\",\"@id\":\"https:\\\/\\\/alubase.de\\\/#website\",\"url\":\"https:\\\/\\\/alubase.de\\\/\",\"name\":\"AluBase\",\"description\":\"Die Aluexperten\",\"publisher\":{\"@id\":\"https:\\\/\\\/alubase.de\\\/#organization\"},\"potentialAction\":[{\"@type\":\"SearchAction\",\"target\":{\"@type\":\"EntryPoint\",\"urlTemplate\":\"https:\\\/\\\/alubase.de\\\/?s={search_term_string}\"},\"query-input\":{\"@type\":\"PropertyValueSpecification\",\"valueRequired\":true,\"valueName\":\"search_term_string\"}}],\"inLanguage\":\"es\"},{\"@type\":\"Organization\",\"@id\":\"https:\\\/\\\/alubase.de\\\/#organization\",\"name\":\"Ablal - Aluminium, Blister, Laminate\",\"url\":\"https:\\\/\\\/alubase.de\\\/\",\"logo\":{\"@type\":\"ImageObject\",\"inLanguage\":\"es\",\"@id\":\"https:\\\/\\\/alubase.de\\\/#\\\/schema\\\/logo\\\/image\\\/\",\"url\":\"https:\\\/\\\/alubase.de\\\/wp-content\\\/uploads\\\/2018\\\/10\\\/alufolien.jpg\",\"contentUrl\":\"https:\\\/\\\/alubase.de\\\/wp-content\\\/uploads\\\/2018\\\/10\\\/alufolien.jpg\",\"width\":640,\"height\":348,\"caption\":\"Ablal - Aluminium, Blister, Laminate\"},\"image\":{\"@id\":\"https:\\\/\\\/alubase.de\\\/#\\\/schema\\\/logo\\\/image\\\/\"}}]}<\/script>\n<!-- \/ Yoast SEO plugin. -->","yoast_head_json":{"title":"L\u00e1minas compuestas - AluBase","robots":{"index":"index","follow":"follow","max-snippet":"max-snippet:-1","max-image-preview":"max-image-preview:large","max-video-preview":"max-video-preview:-1"},"canonical":"https:\/\/alubase.de\/es\/laminas\/","og_locale":"es_ES","og_type":"article","og_title":"Verbundfolien - AluBase","og_description":"Verbundfolien aus Aluminium-, PE und PET, Kunststoffen Aluminium als Verbundfolie in Kombination mit Kunststoffen, ist funktional und optisch veredelt heute kaum noch aus einer Branche wegzudenken. Wir beliefern die weiterverarbeitenden ...","og_url":"https:\/\/alubase.de\/es\/laminas\/","og_site_name":"AluBase","article_modified_time":"2018-10-19T21:54:01+00:00","og_image":[{"url":"https:\/\/alubase.de\/wp-content\/uploads\/2018\/10\/verbundfolien-isolation-01-300x173.jpg","type":"","width":"","height":""}],"twitter_card":"summary_large_image","twitter_misc":{"Tiempo de lectura":"3 minutos"},"schema":{"@context":"https:\/\/schema.org","@graph":[{"@type":"WebPage","@id":"https:\/\/alubase.de\/verbundfolien\/","url":"https:\/\/alubase.de\/verbundfolien\/","name":"L\u00e1minas compuestas - AluBase","isPartOf":{"@id":"https:\/\/alubase.de\/#website"},"datePublished":"2018-09-01T10:37:29+00:00","dateModified":"2018-10-19T21:54:01+00:00","breadcrumb":{"@id":"https:\/\/alubase.de\/verbundfolien\/#breadcrumb"},"inLanguage":"es","potentialAction":[{"@type":"ReadAction","target":["https:\/\/alubase.de\/verbundfolien\/"]}]},{"@type":"BreadcrumbList","@id":"https:\/\/alubase.de\/verbundfolien\/#breadcrumb","itemListElement":[{"@type":"ListItem","position":1,"name":"Startseite","item":"https:\/\/alubase.de\/"},{"@type":"ListItem","position":2,"name":"Verbundfolien"}]},{"@type":"WebSite","@id":"https:\/\/alubase.de\/#website","url":"https:\/\/alubase.de\/","name":"AluBase","description":"Expertos en aluminio","publisher":{"@id":"https:\/\/alubase.de\/#organization"},"potentialAction":[{"@type":"SearchAction","target":{"@type":"EntryPoint","urlTemplate":"https:\/\/alubase.de\/?s={search_term_string}"},"query-input":{"@type":"PropertyValueSpecification","valueRequired":true,"valueName":"search_term_string"}}],"inLanguage":"es"},{"@type":"Organization","@id":"https:\/\/alubase.de\/#organization","name":"Ablal - Aluminio, Blister, Laminados","url":"https:\/\/alubase.de\/","logo":{"@type":"ImageObject","inLanguage":"es","@id":"https:\/\/alubase.de\/#\/schema\/logo\/image\/","url":"https:\/\/alubase.de\/wp-content\/uploads\/2018\/10\/alufolien.jpg","contentUrl":"https:\/\/alubase.de\/wp-content\/uploads\/2018\/10\/alufolien.jpg","width":640,"height":348,"caption":"Ablal - Aluminium, Blister, Laminate"},"image":{"@id":"https:\/\/alubase.de\/#\/schema\/logo\/image\/"}}]}},"_links":{"self":[{"href":"https:\/\/alubase.de\/es\/wp-json\/wp\/v2\/pages\/1514","targetHints":{"allow":["GET"]}}],"collection":[{"href":"https:\/\/alubase.de\/es\/wp-json\/wp\/v2\/pages"}],"about":[{"href":"https:\/\/alubase.de\/es\/wp-json\/wp\/v2\/types\/page"}],"author":[{"embeddable":true,"href":"https:\/\/alubase.de\/es\/wp-json\/wp\/v2\/users\/3"}],"replies":[{"embeddable":true,"href":"https:\/\/alubase.de\/es\/wp-json\/wp\/v2\/comments?post=1514"}],"version-history":[{"count":9,"href":"https:\/\/alubase.de\/es\/wp-json\/wp\/v2\/pages\/1514\/revisions"}],"predecessor-version":[{"id":1601,"href":"https:\/\/alubase.de\/es\/wp-json\/wp\/v2\/pages\/1514\/revisions\/1601"}],"wp:attachment":[{"href":"https:\/\/alubase.de\/es\/wp-json\/wp\/v2\/media?parent=1514"}],"curies":[{"name":"wp","href":"https:\/\/api.w.org\/{rel}","templated":true}]}}