{"id":1519,"date":"2018-09-01T08:11:26","date_gmt":"2018-09-01T08:11:26","guid":{"rendered":"https:\/\/alubase.de\/?page_id=1519"},"modified":"2018-10-17T14:18:48","modified_gmt":"2018-10-17T14:18:48","slug":"papel-de-aluminio-medico","status":"publish","type":"page","link":"https:\/\/alubase.de\/es\/aluminiumfolie-medizin\/","title":{"rendered":"Papel de aluminio en medicina"},"content":{"rendered":"<h2>Envases funcionales en el sector m\u00e9dico<\/h2>\n<p>Suministramos a los fabricantes de productos farmac\u00e9uticos y a la industria m\u00e9dica papel de aluminio funcional y \u00f3pticamente mejorado para soluciones de envasado.<\/p>\n<h3>\u00c1mbitos de aplicaci\u00f3n<\/h3>\n<p>Producimos papel de aluminio para fabricantes farmac\u00e9uticos, pero tambi\u00e9n para otras industrias que desean envasar de forma \u00f3ptima contenidos sensibles. A lo largo de las d\u00e9cadas, nos hemos posicionado como uno de los proveedores de papel de aluminio en el sector m\u00e9dico. El sector de los subproductos m\u00e9dicos, como los suplementos diet\u00e9ticos, se ha convertido en un sector en absoluto crecimiento que tambi\u00e9n busca soluciones de envasado adecuadas y altamente funcionales.<\/p>\n<p>Suministramos tama\u00f1os y cantidades est\u00e1ndar, as\u00ed como tama\u00f1os especiales y peque\u00f1as cantidades a petici\u00f3n de nuestros clientes. Si necesita muestras o asesoramiento sobre desarrollo de productos, estaremos encantados de ayudarle.<\/p>\n<div id='gallery-1' class='gallery galleryid-1519 gallery-columns-3 gallery-size-medium'><figure class='gallery-item'>\n\t\t\t<div class='gallery-icon landscape'>\n\t\t\t\t<a href='https:\/\/alubase.de\/wp-content\/uploads\/2018\/10\/aluminiumfolie-medizin-blisterfolie-06.jpg'><img loading=\"lazy\" decoding=\"async\" width=\"300\" height=\"173\" src=\"https:\/\/alubase.de\/wp-content\/uploads\/2018\/10\/aluminiumfolie-medizin-blisterfolie-06-300x173.jpg\" class=\"attachment-medium size-medium\" alt=\"Comprimidos de papel de aluminio. Papel de aluminio\" aria-describedby=\"gallery-1-1578\" srcset=\"https:\/\/alubase.de\/wp-content\/uploads\/2018\/10\/aluminiumfolie-medizin-blisterfolie-06-300x173.jpg 300w, https:\/\/alubase.de\/wp-content\/uploads\/2018\/10\/aluminiumfolie-medizin-blisterfolie-06-768x444.jpg 768w, https:\/\/alubase.de\/wp-content\/uploads\/2018\/10\/aluminiumfolie-medizin-blisterfolie-06.jpg 830w\" sizes=\"auto, (max-width: 300px) 100vw, 300px\" \/><\/a>\n\t\t\t<\/div>\n\t\t\t\t<figcaption class='wp-caption-text gallery-caption' id='gallery-1-1578'>\n\t\t\t\tComprimidos de papel de aluminio. Papel de aluminio\n\t\t\t\t<\/figcaption><\/figure><figure class='gallery-item'>\n\t\t\t<div class='gallery-icon landscape'>\n\t\t\t\t<a href='https:\/\/alubase.de\/wp-content\/uploads\/2018\/10\/aluminiumfolie-medizin-blisterfolie-03.jpg'><img loading=\"lazy\" decoding=\"async\" width=\"300\" height=\"173\" src=\"https:\/\/alubase.de\/wp-content\/uploads\/2018\/10\/aluminiumfolie-medizin-blisterfolie-03-300x173.jpg\" class=\"attachment-medium size-medium\" alt=\"Papel de aluminio para aplicaciones m\u00e9dicas. L\u00e1mina bl\u00edster\" aria-describedby=\"gallery-1-1575\" srcset=\"https:\/\/alubase.de\/wp-content\/uploads\/2018\/10\/aluminiumfolie-medizin-blisterfolie-03-300x173.jpg 300w, https:\/\/alubase.de\/wp-content\/uploads\/2018\/10\/aluminiumfolie-medizin-blisterfolie-03-768x444.jpg 768w, https:\/\/alubase.de\/wp-content\/uploads\/2018\/10\/aluminiumfolie-medizin-blisterfolie-03.jpg 830w\" sizes=\"auto, (max-width: 300px) 100vw, 300px\" \/><\/a>\n\t\t\t<\/div>\n\t\t\t\t<figcaption class='wp-caption-text gallery-caption' id='gallery-1-1575'>\n\t\t\t\tPapel de aluminio para aplicaciones m\u00e9dicas. L\u00e1mina bl\u00edster\n\t\t\t\t<\/figcaption><\/figure><figure class='gallery-item'>\n\t\t\t<div class='gallery-icon landscape'>\n\t\t\t\t<a href='https:\/\/alubase.de\/wp-content\/uploads\/2018\/10\/aluminiumfolie-medizin-blisterfolie-04.jpg'><img loading=\"lazy\" decoding=\"async\" width=\"300\" height=\"173\" src=\"https:\/\/alubase.de\/wp-content\/uploads\/2018\/10\/aluminiumfolie-medizin-blisterfolie-04-300x173.jpg\" class=\"attachment-medium size-medium\" alt=\"Comprimidos de papel de aluminio. Papel de aluminio\" aria-describedby=\"gallery-1-1576\" srcset=\"https:\/\/alubase.de\/wp-content\/uploads\/2018\/10\/aluminiumfolie-medizin-blisterfolie-04-300x173.jpg 300w, https:\/\/alubase.de\/wp-content\/uploads\/2018\/10\/aluminiumfolie-medizin-blisterfolie-04-768x444.jpg 768w, https:\/\/alubase.de\/wp-content\/uploads\/2018\/10\/aluminiumfolie-medizin-blisterfolie-04.jpg 830w\" sizes=\"auto, (max-width: 300px) 100vw, 300px\" \/><\/a>\n\t\t\t<\/div>\n\t\t\t\t<figcaption class='wp-caption-text gallery-caption' id='gallery-1-1576'>\n\t\t\t\tComprimidos de papel de aluminio. Papel de aluminio\n\t\t\t\t<\/figcaption><\/figure><figure class='gallery-item'>\n\t\t\t<div class='gallery-icon landscape'>\n\t\t\t\t<a href='https:\/\/alubase.de\/wp-content\/uploads\/2018\/10\/aluminiumfolie-medizin-beutelfolie-blister-02.jpg'><img loading=\"lazy\" decoding=\"async\" width=\"300\" height=\"173\" src=\"https:\/\/alubase.de\/wp-content\/uploads\/2018\/10\/aluminiumfolie-medizin-beutelfolie-blister-02-300x173.jpg\" class=\"attachment-medium size-medium\" alt=\"Papel de aluminio para aplicaciones m\u00e9dicas. Papel de aluminio, bl\u00edster\" aria-describedby=\"gallery-1-1574\" srcset=\"https:\/\/alubase.de\/wp-content\/uploads\/2018\/10\/aluminiumfolie-medizin-beutelfolie-blister-02-300x173.jpg 300w, https:\/\/alubase.de\/wp-content\/uploads\/2018\/10\/aluminiumfolie-medizin-beutelfolie-blister-02-768x444.jpg 768w, https:\/\/alubase.de\/wp-content\/uploads\/2018\/10\/aluminiumfolie-medizin-beutelfolie-blister-02.jpg 830w\" sizes=\"auto, (max-width: 300px) 100vw, 300px\" \/><\/a>\n\t\t\t<\/div>\n\t\t\t\t<figcaption class='wp-caption-text gallery-caption' id='gallery-1-1574'>\n\t\t\t\tPapel de aluminio para aplicaciones m\u00e9dicas. Papel de aluminio, bl\u00edster\n\t\t\t\t<\/figcaption><\/figure><figure class='gallery-item'>\n\t\t\t<div class='gallery-icon landscape'>\n\t\t\t\t<a href='https:\/\/alubase.de\/wp-content\/uploads\/2018\/10\/aluminiumfolie-medizin-abziehfolie-01.jpg'><img loading=\"lazy\" decoding=\"async\" width=\"300\" height=\"173\" src=\"https:\/\/alubase.de\/wp-content\/uploads\/2018\/10\/aluminiumfolie-medizin-abziehfolie-01-300x173.jpg\" class=\"attachment-medium size-medium\" alt=\"Papel de aluminio para aplicaciones m\u00e9dicas. Papel de aluminio\" aria-describedby=\"gallery-1-1573\" srcset=\"https:\/\/alubase.de\/wp-content\/uploads\/2018\/10\/aluminiumfolie-medizin-abziehfolie-01-300x173.jpg 300w, https:\/\/alubase.de\/wp-content\/uploads\/2018\/10\/aluminiumfolie-medizin-abziehfolie-01-768x444.jpg 768w, https:\/\/alubase.de\/wp-content\/uploads\/2018\/10\/aluminiumfolie-medizin-abziehfolie-01.jpg 830w\" sizes=\"auto, (max-width: 300px) 100vw, 300px\" \/><\/a>\n\t\t\t<\/div>\n\t\t\t\t<figcaption class='wp-caption-text gallery-caption' id='gallery-1-1573'>\n\t\t\t\tPapel de aluminio para aplicaciones m\u00e9dicas. Papel de aluminio\n\t\t\t\t<\/figcaption><\/figure><figure class='gallery-item'>\n\t\t\t<div class='gallery-icon landscape'>\n\t\t\t\t<a href='https:\/\/alubase.de\/wp-content\/uploads\/2018\/10\/aluminiumfolie-medizin-blisterfolie-05.jpg'><img loading=\"lazy\" decoding=\"async\" width=\"300\" height=\"173\" src=\"https:\/\/alubase.de\/wp-content\/uploads\/2018\/10\/aluminiumfolie-medizin-blisterfolie-05-300x173.jpg\" class=\"attachment-medium size-medium\" alt=\"Comprimidos de papel de aluminio. Papel de aluminio\" aria-describedby=\"gallery-1-1577\" srcset=\"https:\/\/alubase.de\/wp-content\/uploads\/2018\/10\/aluminiumfolie-medizin-blisterfolie-05-300x173.jpg 300w, https:\/\/alubase.de\/wp-content\/uploads\/2018\/10\/aluminiumfolie-medizin-blisterfolie-05-768x444.jpg 768w, https:\/\/alubase.de\/wp-content\/uploads\/2018\/10\/aluminiumfolie-medizin-blisterfolie-05.jpg 830w\" sizes=\"auto, (max-width: 300px) 100vw, 300px\" \/><\/a>\n\t\t\t<\/div>\n\t\t\t\t<figcaption class='wp-caption-text gallery-caption' id='gallery-1-1577'>\n\t\t\t\tComprimidos de papel de aluminio. Papel de aluminio\n\t\t\t\t<\/figcaption><\/figure>\n\t\t<\/div>\n\n<h3>Medicamentos: requisitos especiales para el papel de aluminio<\/h3>\n<p>M\u00e1s que casi cualquier otro producto, los medicamentos est\u00e1n sujetos a normativas legales y requisitos de envasado. Las barreras de aire y ox\u00edgeno y una protecci\u00f3n adecuada contra la penetraci\u00f3n de microorganismos son especialmente importantes para los medicamentos. Los medicamentos son un producto sensible que debe envasarse correctamente. El papel de aluminio funcional puede garantizarlo en un grado especialmente elevado.<\/p>\n<p>El aluminio, con su excelente funci\u00f3n de barrera, garantiza que el principio activo contenido en el medicamento no se volatilice y permanezca en \u00e9l incluso tras largos periodos de almacenamiento.<\/p>\n<ul>\n<li>Envases bl\u00edster<\/li>\n<li>Embalaje sellado<\/li>\n<li>Envasado en bolsas o tiras<\/li>\n<\/ul>\n<p>\u00c9stas son s\u00f3lo algunas de las soluciones de envasado que podemos equipar con papel de aluminio funcional.<\/p>\n<h3>Productos t\u00edpicos y ventajas de los productos:<\/h3>\n<p><strong>Comprimidos en bl\u00edster<\/strong><\/p>\n<ul>\n<li>Envases funcionales en el sector m\u00e9dico<\/li>\n<li>Soluci\u00f3n de envasado com\u00fan<\/li>\n<\/ul>\n<p><strong>Blister con papel de aluminio<\/strong><\/p>\n<ul>\n<li>Buena conformabilidad gracias al aluminio<\/li>\n<li>Almacenamiento que ahorra espacio<\/li>\n<\/ul>\n<p><strong>Papel de aluminio duro \/ envasado a presi\u00f3n<\/strong><\/p>\n<ul>\n<li>Gran rigidez<\/li>\n<li>Excelente para imprimir<\/li>\n<li>\u00d3ptima capacidad de recubrimiento<\/li>\n<\/ul>\n<p><strong>Ampolla Coldform<\/strong><\/p>\n<ul>\n<li>Baja difusi\u00f3n<\/li>\n<li>Adecuado para medicamentos especialmente sensibles<\/li>\n<li>Buena protecci\u00f3n contra la humedad<\/li>\n<li>Protecci\u00f3n frente a influencias externas<\/li>\n<li>Adecuado para mercados objetivo con alta humedad<\/li>\n<\/ul>\n<p><strong>Ampolla de moho<\/strong><\/p>\n<ul>\n<li>Ahorro de espacio<\/li>\n<li>Respetuoso con los recursos<\/li>\n<li>Ahorro de volumen de hasta el 30<\/li>\n<li>El proceso de producci\u00f3n ahorra perforaciones<\/li>\n<li>Propiedades de difusi\u00f3n mejoradas<\/li>\n<\/ul>\n<p><strong>Tubos<\/strong><\/p>\n<ul>\n<li>Buena capacidad de dosificaci\u00f3n<\/li>\n<li>Capas de barrera para tubos laminados de aluminio<\/li>\n<li>Seguridad de los productos y los consumidores gracias al sellado de membranas<\/li>\n<\/ul>\n<p><strong>Bolsitas de laminado <\/strong><\/p>\n<ul>\n<li>Resistente a la presi\u00f3n<\/li>\n<li>F\u00e1cil transporte<\/li>\n<li>Bolsas de almacenamiento en hospitales<\/li>\n<li>Almacenamiento de medicamentos l\u00edquidos<\/li>\n<li>Almacenamiento de medicamentos s\u00f3lidos<\/li>\n<\/ul>\n<p><strong>Mochilas<\/strong><\/p>\n<ul>\n<li>F\u00e1cil apertura y cierre del envase<\/li>\n<li>Para la ingesta oral \u00fanica de l\u00edquido<\/li>\n<li>Para la ingesta oral \u00fanica de polvo<\/li>\n<li>Apertura de muesca perforada con l\u00e1ser<\/li>\n<li>Sistemas de cierre sin retirar la membrana de la pel\u00edcula<\/li>\n<\/ul>\n<h3>Despliegue tropical especial<\/h3>\n<p>Como una de las principales empresas de nuestro sector a escala europea, estamos especialmente comprometidos con las empresas que llevan medicamentos a pa\u00edses donde se necesitan con urgencia, pero donde tienen que enfrentarse a condiciones clim\u00e1ticas especialmente problem\u00e1ticas.<\/p>\n<h3>Protecci\u00f3n frente a influencias externas<\/h3>\n<p>Ofrecemos l\u00e1minas de aluminio funcionales para sus envases m\u00e9dicos en zonas especialmente exigentes desde el punto de vista clim\u00e1tico. Por ejemplo, los bl\u00edsteres Formpack llevan incorporado un desecante en la base de la l\u00e1mina. Esto prolonga la vida \u00fatil de los medicamentos. Los bl\u00edsteres con estas propiedades especiales conservan el medicamento y proporcionan una protecci\u00f3n eficaz contra las influencias ambientales.<\/p>\n<h3>Protecci\u00f3n contra la falsificaci\u00f3n y la pirater\u00eda de productos:<\/h3>\n<p>Se puede dotar al papel de aluminio de propiedades que protejan a un medicamento de la falsificaci\u00f3n, pero tambi\u00e9n que impidan la manipulaci\u00f3n del envase. A menudo se falsifican medicamentos especialmente caros y se ponen en circulaci\u00f3n falsificaciones totalmente ineficaces. Adem\u00e1s, la parte del envase visible para el consumidor puede llevar impresa la dosis y la forma de administraci\u00f3n.<\/p>\n<h3>Plagio y protecci\u00f3n de la originalidad de los medicamentos<\/h3>\n<blockquote><p>Nuestra experiencia nos permite prometerle seguridad.<\/p><\/blockquote>\n<p>Se considera parte de la protecci\u00f3n del consumidor que \u00e9ste se acostumbre a la apariencia de los medicamentos, incluido el embalaje exterior, y no se desv\u00ede del original. Los requisitos de seguridad actuales son diferentes de los de hace a\u00f1os. La protecci\u00f3n contra la falsificaci\u00f3n es un aspecto cada vez m\u00e1s importante para los fabricantes de productos farmac\u00e9uticos.<\/p>\n<p>Hoy en d\u00eda, los envases llevan impresiones que s\u00f3lo son reconocibles bajo luz fluorescente. Otros elementos de seguridad son las microletras, las letras en relieve o los hologramas. Como fabricante de estas l\u00e1minas de aluminio, producimos l\u00e1minas con estos elementos de seguridad seg\u00fan los requisitos del cliente.<\/p>\n<h3>Proveedor de papel de aluminio para los fabricantes de productos farmac\u00e9uticos<\/h3>\n<p>Somos sin\u00f3nimo de innovaci\u00f3n en el desarrollo de productos de envasado funcional en el sector m\u00e9dico. A\u00f1os de experiencia en este campo nos han convertido en un experto de confianza para su sector.<\/p>\n<p>Estaremos encantados de asesorarle en todas las cuestiones relacionadas con los envases m\u00e9dicos, as\u00ed como de aconsejarle y planificar sus proyectos.<\/p>","protected":false},"excerpt":{"rendered":"<p>Envases funcionales en el sector m\u00e9dico Suministramos a fabricantes farmac\u00e9uticos y al sector m\u00e9dico papel de aluminio funcional y \u00f3pticamente mejorado para soluciones de envasado. \u00c1mbitos de aplicaci\u00f3n Producimos papel de aluminio para fabricantes farmac\u00e9uticos, pero tambi\u00e9n para otras industrias que...<\/p>","protected":false},"author":3,"featured_media":0,"parent":0,"menu_order":0,"comment_status":"closed","ping_status":"closed","template":"","meta":{"footnotes":""},"class_list":["post-1519","page","type-page","status-publish","hentry"],"yoast_head":"<!-- This site is optimized with the Yoast SEO plugin v27.5 - https:\/\/yoast.com\/product\/yoast-seo-wordpress\/ -->\n<title>Aluminiumfolie in der Medizin - AluBase<\/title>\n<meta name=\"robots\" content=\"index, follow, max-snippet:-1, max-image-preview:large, max-video-preview:-1\" \/>\n<link rel=\"canonical\" href=\"https:\/\/alubase.de\/es\/papel-de-aluminio-medico\/\" \/>\n<meta property=\"og:locale\" content=\"es_ES\" \/>\n<meta property=\"og:type\" content=\"article\" \/>\n<meta property=\"og:title\" content=\"Aluminiumfolie in der Medizin - AluBase\" \/>\n<meta property=\"og:description\" content=\"Funktionale Verpackungen im medizinischen Bereich Wir beliefern Pharmahersteller und die Medizinbranche mit funktionaler und optisch veredelter Aluminiumfolie f\u00fcr Verpackungsl\u00f6sungen. Anwendungsgebiete Wir produzieren Aluminiumfolien f\u00fcr Arzneimittelhersteller, aber auch andere Branchen, die ...\" \/>\n<meta property=\"og:url\" content=\"https:\/\/alubase.de\/es\/papel-de-aluminio-medico\/\" \/>\n<meta property=\"og:site_name\" content=\"AluBase\" \/>\n<meta property=\"article:modified_time\" content=\"2018-10-17T14:18:48+00:00\" \/>\n<meta property=\"og:image\" content=\"https:\/\/alubase.de\/wp-content\/uploads\/2018\/10\/aluminiumfolie-medizin-blisterfolie-06-300x173.jpg\" \/>\n<meta name=\"twitter:card\" content=\"summary_large_image\" \/>\n<meta name=\"twitter:label1\" content=\"Tiempo de lectura\" \/>\n\t<meta name=\"twitter:data1\" content=\"4 minutos\" \/>\n<script type=\"application\/ld+json\" class=\"yoast-schema-graph\">{\"@context\":\"https:\\\/\\\/schema.org\",\"@graph\":[{\"@type\":\"WebPage\",\"@id\":\"https:\\\/\\\/alubase.de\\\/aluminiumfolie-medizin\\\/\",\"url\":\"https:\\\/\\\/alubase.de\\\/aluminiumfolie-medizin\\\/\",\"name\":\"Aluminiumfolie in der Medizin - AluBase\",\"isPartOf\":{\"@id\":\"https:\\\/\\\/alubase.de\\\/#website\"},\"datePublished\":\"2018-09-01T08:11:26+00:00\",\"dateModified\":\"2018-10-17T14:18:48+00:00\",\"breadcrumb\":{\"@id\":\"https:\\\/\\\/alubase.de\\\/aluminiumfolie-medizin\\\/#breadcrumb\"},\"inLanguage\":\"es\",\"potentialAction\":[{\"@type\":\"ReadAction\",\"target\":[\"https:\\\/\\\/alubase.de\\\/aluminiumfolie-medizin\\\/\"]}]},{\"@type\":\"BreadcrumbList\",\"@id\":\"https:\\\/\\\/alubase.de\\\/aluminiumfolie-medizin\\\/#breadcrumb\",\"itemListElement\":[{\"@type\":\"ListItem\",\"position\":1,\"name\":\"Startseite\",\"item\":\"https:\\\/\\\/alubase.de\\\/\"},{\"@type\":\"ListItem\",\"position\":2,\"name\":\"Aluminiumfolie in der Medizin\"}]},{\"@type\":\"WebSite\",\"@id\":\"https:\\\/\\\/alubase.de\\\/#website\",\"url\":\"https:\\\/\\\/alubase.de\\\/\",\"name\":\"AluBase\",\"description\":\"Die Aluexperten\",\"publisher\":{\"@id\":\"https:\\\/\\\/alubase.de\\\/#organization\"},\"potentialAction\":[{\"@type\":\"SearchAction\",\"target\":{\"@type\":\"EntryPoint\",\"urlTemplate\":\"https:\\\/\\\/alubase.de\\\/?s={search_term_string}\"},\"query-input\":{\"@type\":\"PropertyValueSpecification\",\"valueRequired\":true,\"valueName\":\"search_term_string\"}}],\"inLanguage\":\"es\"},{\"@type\":\"Organization\",\"@id\":\"https:\\\/\\\/alubase.de\\\/#organization\",\"name\":\"Ablal - Aluminium, Blister, Laminate\",\"url\":\"https:\\\/\\\/alubase.de\\\/\",\"logo\":{\"@type\":\"ImageObject\",\"inLanguage\":\"es\",\"@id\":\"https:\\\/\\\/alubase.de\\\/#\\\/schema\\\/logo\\\/image\\\/\",\"url\":\"https:\\\/\\\/alubase.de\\\/wp-content\\\/uploads\\\/2018\\\/10\\\/alufolien.jpg\",\"contentUrl\":\"https:\\\/\\\/alubase.de\\\/wp-content\\\/uploads\\\/2018\\\/10\\\/alufolien.jpg\",\"width\":640,\"height\":348,\"caption\":\"Ablal - Aluminium, Blister, Laminate\"},\"image\":{\"@id\":\"https:\\\/\\\/alubase.de\\\/#\\\/schema\\\/logo\\\/image\\\/\"}}]}<\/script>\n<!-- \/ Yoast SEO plugin. -->","yoast_head_json":{"title":"Papel de aluminio en medicina - AluBase","robots":{"index":"index","follow":"follow","max-snippet":"max-snippet:-1","max-image-preview":"max-image-preview:large","max-video-preview":"max-video-preview:-1"},"canonical":"https:\/\/alubase.de\/es\/papel-de-aluminio-medico\/","og_locale":"es_ES","og_type":"article","og_title":"Aluminiumfolie in der Medizin - AluBase","og_description":"Funktionale Verpackungen im medizinischen Bereich Wir beliefern Pharmahersteller und die Medizinbranche mit funktionaler und optisch veredelter Aluminiumfolie f\u00fcr Verpackungsl\u00f6sungen. Anwendungsgebiete Wir produzieren Aluminiumfolien f\u00fcr Arzneimittelhersteller, aber auch andere Branchen, die ...","og_url":"https:\/\/alubase.de\/es\/papel-de-aluminio-medico\/","og_site_name":"AluBase","article_modified_time":"2018-10-17T14:18:48+00:00","og_image":[{"url":"https:\/\/alubase.de\/wp-content\/uploads\/2018\/10\/aluminiumfolie-medizin-blisterfolie-06-300x173.jpg","type":"","width":"","height":""}],"twitter_card":"summary_large_image","twitter_misc":{"Tiempo de lectura":"4 minutos"},"schema":{"@context":"https:\/\/schema.org","@graph":[{"@type":"WebPage","@id":"https:\/\/alubase.de\/aluminiumfolie-medizin\/","url":"https:\/\/alubase.de\/aluminiumfolie-medizin\/","name":"Papel de aluminio en medicina - AluBase","isPartOf":{"@id":"https:\/\/alubase.de\/#website"},"datePublished":"2018-09-01T08:11:26+00:00","dateModified":"2018-10-17T14:18:48+00:00","breadcrumb":{"@id":"https:\/\/alubase.de\/aluminiumfolie-medizin\/#breadcrumb"},"inLanguage":"es","potentialAction":[{"@type":"ReadAction","target":["https:\/\/alubase.de\/aluminiumfolie-medizin\/"]}]},{"@type":"BreadcrumbList","@id":"https:\/\/alubase.de\/aluminiumfolie-medizin\/#breadcrumb","itemListElement":[{"@type":"ListItem","position":1,"name":"Startseite","item":"https:\/\/alubase.de\/"},{"@type":"ListItem","position":2,"name":"Aluminiumfolie in der Medizin"}]},{"@type":"WebSite","@id":"https:\/\/alubase.de\/#website","url":"https:\/\/alubase.de\/","name":"AluBase","description":"Expertos en aluminio","publisher":{"@id":"https:\/\/alubase.de\/#organization"},"potentialAction":[{"@type":"SearchAction","target":{"@type":"EntryPoint","urlTemplate":"https:\/\/alubase.de\/?s={search_term_string}"},"query-input":{"@type":"PropertyValueSpecification","valueRequired":true,"valueName":"search_term_string"}}],"inLanguage":"es"},{"@type":"Organization","@id":"https:\/\/alubase.de\/#organization","name":"Ablal - Aluminio, Blister, Laminados","url":"https:\/\/alubase.de\/","logo":{"@type":"ImageObject","inLanguage":"es","@id":"https:\/\/alubase.de\/#\/schema\/logo\/image\/","url":"https:\/\/alubase.de\/wp-content\/uploads\/2018\/10\/alufolien.jpg","contentUrl":"https:\/\/alubase.de\/wp-content\/uploads\/2018\/10\/alufolien.jpg","width":640,"height":348,"caption":"Ablal - Aluminium, Blister, Laminate"},"image":{"@id":"https:\/\/alubase.de\/#\/schema\/logo\/image\/"}}]}},"_links":{"self":[{"href":"https:\/\/alubase.de\/es\/wp-json\/wp\/v2\/pages\/1519","targetHints":{"allow":["GET"]}}],"collection":[{"href":"https:\/\/alubase.de\/es\/wp-json\/wp\/v2\/pages"}],"about":[{"href":"https:\/\/alubase.de\/es\/wp-json\/wp\/v2\/types\/page"}],"author":[{"embeddable":true,"href":"https:\/\/alubase.de\/es\/wp-json\/wp\/v2\/users\/3"}],"replies":[{"embeddable":true,"href":"https:\/\/alubase.de\/es\/wp-json\/wp\/v2\/comments?post=1519"}],"version-history":[{"count":5,"href":"https:\/\/alubase.de\/es\/wp-json\/wp\/v2\/pages\/1519\/revisions"}],"predecessor-version":[{"id":1581,"href":"https:\/\/alubase.de\/es\/wp-json\/wp\/v2\/pages\/1519\/revisions\/1581"}],"wp:attachment":[{"href":"https:\/\/alubase.de\/es\/wp-json\/wp\/v2\/media?parent=1519"}],"curies":[{"name":"wp","href":"https:\/\/api.w.org\/{rel}","templated":true}]}}